{"id":3199,"date":"2025-12-11T12:40:11","date_gmt":"2025-12-11T12:40:11","guid":{"rendered":"https:\/\/collabfinder.org\/produkt\/wybrane-miejsce-na-baner\/"},"modified":"2025-12-11T12:40:11","modified_gmt":"2025-12-11T12:40:11","slug":"wybrane-miejsce-na-baner","status":"publish","type":"product","link":"https:\/\/collabfinder.org\/pl\/produkt\/wybrane-miejsce-na-baner\/","title":{"rendered":"Wybrane miejsce na baner"},"content":{"rendered":"<p>Z naszym&nbsp;Dzi\u0119ki <strong>miesi\u0119cznemu umieszczaniu baner\u00f3w<\/strong> Twoja marka, profil tw\u00f3rcy lub projekt&nbsp;s\u0105 wy\u015bwietlane <strong>na platformie CollabFinder<\/strong> \u2013 w tym:<\/p>\n<ul>\n<li>\ud83c\udf10 Strona g\u0142\u00f3wna<\/li>\n<li>\ud83d\udd0e Strony wyszukiwania tw\u00f3rc\u00f3w<\/li>\n<li>\ud83d\udc64 Strony profil\u00f3w tw\u00f3rc\u00f3w<\/li>\n<\/ul>\n<p>To gwarantuje&nbsp;<strong>maksymaln\u0105 widoczno\u015b\u0107<\/strong> dla tysi\u0119cy zweryfikowanych tw\u00f3rc\u00f3w poszukuj\u0105cych nowych wsp\u00f3\u0142prac.<\/p>\n<p>\u2705<strong> Co otrzymasz<\/strong><\/p>\n<ul>\n<li>30-dniowa prezentacja banera<\/li>\n<li>Widoczny na ca\u0142ym terenie<\/li>\n<li>Bezpo\u015bredni link do Twojego profilu Collab Finder<\/li>\n<li>Idealny dla tw\u00f3rc\u00f3w, agencji, fotograf\u00f3w i marek<\/li>\n<\/ul>\n<p>\ud83d\udcd0<strong> Brak projektu banera<\/strong><strong>?<\/strong><\/p>\n<p>Mo\u017cemy pom\u00f3c Ci stworzy\u0107 profesjonalny baner (dodatkowa us\u0142uga) \ud83d\ude80<\/p>\n","protected":false},"excerpt":{"rendered":"<p><strong>Miesi\u0119czne umieszczanie baner\u00f3w<\/strong><br \/>\n\u2022 \ud83c\udf10 Strona g\u0142\u00f3wna<br \/>\n\u2022 \ud83d\udd0e Strony wyszukiwania tw\u00f3rc\u00f3w<br \/>\n\u2022 \ud83d\udc64 Strony profil\u00f3w tw\u00f3rc\u00f3w<\/p>\n","protected":false},"featured_media":2759,"comment_status":"open","ping_status":"closed","template":"","meta":{"ngg_post_thumbnail":0},"product_brand":[6016],"product_cat":[6223],"product_tag":[],"class_list":{"0":"post-3199","1":"product","2":"type-product","3":"status-publish","4":"has-post-thumbnail","6":"product_brand-collabfinder-org","7":"product_cat-usluga","8":"entry","9":"has-media","11":"first","12":"instock","13":"virtual","14":"taxable","15":"purchasable","16":"product-type-simple"},"_links":{"self":[{"href":"https:\/\/collabfinder.org\/pl\/wp-json\/wp\/v2\/product\/3199","targetHints":{"allow":["GET"]}}],"collection":[{"href":"https:\/\/collabfinder.org\/pl\/wp-json\/wp\/v2\/product"}],"about":[{"href":"https:\/\/collabfinder.org\/pl\/wp-json\/wp\/v2\/types\/product"}],"replies":[{"embeddable":true,"href":"https:\/\/collabfinder.org\/pl\/wp-json\/wp\/v2\/comments?post=3199"}],"wp:featuredmedia":[{"embeddable":true,"href":"https:\/\/collabfinder.org\/pl\/wp-json\/wp\/v2\/media\/2759"}],"wp:attachment":[{"href":"https:\/\/collabfinder.org\/pl\/wp-json\/wp\/v2\/media?parent=3199"}],"wp:term":[{"taxonomy":"product_brand","embeddable":true,"href":"https:\/\/collabfinder.org\/pl\/wp-json\/wp\/v2\/product_brand?post=3199"},{"taxonomy":"product_cat","embeddable":true,"href":"https:\/\/collabfinder.org\/pl\/wp-json\/wp\/v2\/product_cat?post=3199"},{"taxonomy":"product_tag","embeddable":true,"href":"https:\/\/collabfinder.org\/pl\/wp-json\/wp\/v2\/product_tag?post=3199"}],"curies":[{"name":"wp","href":"https:\/\/api.w.org\/{rel}","templated":true}]}}