{"id":3403,"date":"2025-06-16T09:46:45","date_gmt":"2025-06-16T09:46:45","guid":{"rendered":"https:\/\/collabfinder.org\/tworcy-i-ich-erotyczne-gry-przed-kamera\/"},"modified":"2025-12-12T20:14:46","modified_gmt":"2025-12-12T20:14:46","slug":"tworcy-i-ich-erotyczne-gry-przed-kamera","status":"publish","type":"page","link":"https:\/\/collabfinder.org\/pl\/tworcy-i-ich-erotyczne-gry-przed-kamera\/","title":{"rendered":"Tw\u00f3rcy i ich erotyczne gry przed kamer\u0105"},"content":{"rendered":"&#13;\n<p data-start=\"301\" data-end=\"628\">Na Collabfinder.org spotykaj\u0105 si\u0119 tw\u00f3rcy z r\u00f3\u017cnych dziedzin, aby wsp\u00f3lnie tworzy\u0107 niezwyk\u0142e, odwa\u017cne i zmys\u0142owe \u015bwiaty obraz\u00f3w. Wielu z nich u\u017cywa kamery nie tylko jako narz\u0119dzia, ale jako <strong data-start=\"524\" data-end=\"537\">pola do popisu<\/strong>, na kt\u00f3rym wyra\u017caj\u0105 fantazj\u0119, napi\u0119cie, erotyk\u0119 i osobowo\u015b\u0107 w kreatywny spos\u00f3b. <\/p>&#13;\n<h2 data-start=\"630\" data-end=\"658\"><strong data-start=\"634\" data-end=\"658\">Sztuka erotycznych gier tw\u00f3rc\u00f3w<\/strong><\/h2>&#13;\n<p data-start=\"659\" data-end=\"1000\">Niezale\u017cnie od tego, czy jest to uroczo-rozrywkowe, prowokacyjne czy mroczne i ostre \u2013 tw\u00f3rcy inscenizuj\u0105 si\u0119 na sw\u00f3j w\u0142asny spos\u00f3b. Ich \u201egry\u201d przed kamer\u0105 s\u0105 wyrazem ciekawo\u015bci, odwagi i pewno\u015bci siebie. Powstaj\u0105 wtedy momenty, w kt\u00f3rych kontakt wzrokowy, mowa cia\u0142a i stylizacja tworz\u0105 <a href=\"https:\/\/collabfinder.org\/pl\/szukasz-partnerow-do-wspolpracy-przy-goracych-projektach-przed-kamera\/\">erotyczny dreszcz<\/a>, kt\u00f3ry widz mo\u017ce niemal poczu\u0107.  <\/p>&#13;\n<p data-start=\"1002\" data-end=\"1100\">Chodzi o <strong data-start=\"1013\" data-end=\"1046\">inscenizacj\u0119, a nie obna\u017canie<\/strong>, o <strong data-start=\"1051\" data-end=\"1077\">postaw\u0119, a nie dzia\u0142anie<\/strong>. Wielu tw\u00f3rc\u00f3w u\u017cywa: <\/p>&#13;\n<ul>&#13;\n<li data-start=\"1104\" data-end=\"1148\">sexy Outfits in Latex, Leder oder <a href=\"https:\/\/collabfinder.org\/netzwerk\/\">Clubwear\u00a0<\/a><\/li>&#13;\n<li data-start=\"1104\" data-end=\"1148\">stilisierte Fetisch-Elemente<\/li>&#13;\n<li data-start=\"1104\" data-end=\"1148\">Rollenspiele oder charakterstarke Posen<\/li>&#13;\n<li data-start=\"1104\" data-end=\"1148\">humorvolle oder provokante <a href=\"https:\/\/klaus-maresch.photography\" target=\"_blank\" rel=\"noopener\">Interaktionen mit der Kamera<\/a><\/li>&#13;\n<\/ul>&#13;\n<p data-start=\"1286\" data-end=\"1380\">W ten spos\u00f3b powstaj\u0105 obrazy, kt\u00f3re wi\u0119cej sugeruj\u0105 ni\u017c pokazuj\u0105 \u2013 i w\u0142a\u015bnie dzi\u0119ki temu rozwijaj\u0105 swoje dzia\u0142anie.<\/p>&#13;\n<h3 data-start=\"1382\" data-end=\"1420\"><strong data-start=\"1386\" data-end=\"1420\">Portr\u00e4ts voller Pers\u00f6nlichkeit<\/strong><\/h3>&#13;\n<p data-start=\"1421\" data-end=\"1616\">G\u0142\u00f3wnym tematem galerii na Collabfinder.org s\u0105 serie portret\u00f3w, kt\u00f3re pokazuj\u0105 tw\u00f3rc\u00f3w w szczeg\u00f3lnym \u015bwietle: czasem silnych i dominuj\u0105cych, czasem \u0142agodnych i przyst\u0119pnych, czasem tajemniczych i uwodzicielskich.<\/p>&#13;\n\r\nngg_shortcode_0_placeholder\r\n","protected":false},"excerpt":{"rendered":"<p>&#13; Na Collabfinder.org spotykaj\u0105 si\u0119 tw\u00f3rcy z r\u00f3\u017cnych dziedzin, aby wsp\u00f3lnie tworzy\u0107 niezwyk\u0142e, odwa\u017cne i zmys\u0142owe \u015bwiaty obraz\u00f3w. Wielu z nich u\u017cywa kamery nie tylko jako narz\u0119dzia, ale jako pola [&hellip;]<\/p>\n","protected":false},"author":1,"featured_media":3402,"parent":0,"menu_order":0,"comment_status":"closed","ping_status":"closed","template":"","meta":{"ngg_post_thumbnail":0,"footnotes":""},"class_list":["post-3403","page","type-page","status-publish","has-post-thumbnail","hentry","entry","has-media"],"_links":{"self":[{"href":"https:\/\/collabfinder.org\/pl\/wp-json\/wp\/v2\/pages\/3403","targetHints":{"allow":["GET"]}}],"collection":[{"href":"https:\/\/collabfinder.org\/pl\/wp-json\/wp\/v2\/pages"}],"about":[{"href":"https:\/\/collabfinder.org\/pl\/wp-json\/wp\/v2\/types\/page"}],"author":[{"embeddable":true,"href":"https:\/\/collabfinder.org\/pl\/wp-json\/wp\/v2\/users\/1"}],"replies":[{"embeddable":true,"href":"https:\/\/collabfinder.org\/pl\/wp-json\/wp\/v2\/comments?post=3403"}],"version-history":[{"count":0,"href":"https:\/\/collabfinder.org\/pl\/wp-json\/wp\/v2\/pages\/3403\/revisions"}],"wp:featuredmedia":[{"embeddable":true,"href":"https:\/\/collabfinder.org\/pl\/wp-json\/wp\/v2\/media\/3402"}],"wp:attachment":[{"href":"https:\/\/collabfinder.org\/pl\/wp-json\/wp\/v2\/media?parent=3403"}],"curies":[{"name":"wp","href":"https:\/\/api.w.org\/{rel}","templated":true}]}}