{"id":2950,"date":"2016-02-17T22:31:46","date_gmt":"2016-02-17T22:31:46","guid":{"rendered":"https:\/\/collabfinder.org\/szukasz-partnerow-do-wspolpracy-przy-goracych-projektach-przed-kamera\/"},"modified":"2025-12-12T16:45:29","modified_gmt":"2025-12-12T16:45:29","slug":"szukasz-partnerow-do-wspolpracy-przy-goracych-projektach-przed-kamera","status":"publish","type":"page","link":"https:\/\/collabfinder.org\/pl\/szukasz-partnerow-do-wspolpracy-przy-goracych-projektach-przed-kamera\/","title":{"rendered":"Szukasz partner\u00f3w do wsp\u00f3\u0142pracy przy gor\u0105cych projektach przed kamer\u0105?"},"content":{"rendered":"&#13;\n<p><a href=\"https:\/\/app.collabfinder.org\" target=\"_blank\" rel=\"noopener\"><img loading=\"lazy\" decoding=\"async\" class=\"alignright wp-image-2389 size-medium\" title=\"Zaloguj si&#x119; Collabfinder\" src=\"https:\/\/collabfinder.org\/wp-content\/uploads\/2025\/11\/Login-Collabfinder-300x70.jpg\" alt=\"Zaloguj si&#x119; Collabfinder\" width=\"300\" height=\"70\" srcset=\"https:\/\/collabfinder.org\/wp-content\/uploads\/2025\/11\/Login-Collabfinder-300x70.jpg 300w, https:\/\/collabfinder.org\/wp-content\/uploads\/2025\/11\/Login-Collabfinder-600x139.jpg 600w, https:\/\/collabfinder.org\/wp-content\/uploads\/2025\/11\/Login-Collabfinder-768x178.jpg 768w, https:\/\/collabfinder.org\/wp-content\/uploads\/2025\/11\/Login-Collabfinder.jpg 1320w\" sizes=\"auto, (max-width: 300px) 100vw, 300px\" \/><\/a><\/p>&#13;\n<p data-start=\"336\" data-end=\"689\">Tutaj znajdziesz ponad <strong data-start=\"357\" data-end=\"388\">700 mi\u0119dzynarodowych tw\u00f3rc\u00f3w i partner\u00f3w do wsp\u00f3\u0142pracy<\/strong>, kt\u00f3rzy \u2013 tak jak Ty \u2013 maj\u0105 ochot\u0119 na kreatywne, zmys\u0142owe i erotyczne projekty. Niewa\u017cne, czy jeste\u015b <strong data-start=\"478\" data-end=\"516\">Twinkiem, Jockiem, Daddy czy Fetish Guyem<\/strong>, czy szukasz tre\u015bci na <strong data-start=\"536\" data-end=\"580\">OnlyFans, JustForFans lub do swoich medi\u00f3w spo\u0142eczno\u015bciowych<\/strong>: na <a href=\"https:\/\/app.collabfinder.org\/login\/\"><em data-start=\"593\" data-end=\"611\">collabfinder.org<\/em><\/a> znajdziesz partner\u00f3w, z kt\u00f3rymi pasuje chemia, styl i pasja. <\/p>&#13;\n<h2 data-start=\"336\" data-end=\"689\">Tw\u00f3j portal dla partner\u00f3w do wsp\u00f3\u0142pracy<\/h2>&#13;\n<p data-start=\"691\" data-end=\"1055\">Portal zosta\u0142 stworzony specjalnie dla <strong data-start=\"721\" data-end=\"756\">tw\u00f3rc\u00f3w z bran\u017cy gejowskiej<\/strong>, kt\u00f3rzy pracuj\u0105 na <strong data-start=\"777\" data-end=\"792\">zasadach wsp\u00f3\u0142pracy<\/strong> \u2013 uczciwie, transparentnie i z wzajemnym szacunkiem. Mo\u017cesz tam:<br data-start=\"868\" data-end=\"871\"\/>\ud83d\udcf8 Za\u0142o\u017cy\u0107 sw\u00f3j profil,<br data-start=\"894\" data-end=\"897\"\/>\ud83c\udfa5 Zaprezentowa\u0107 swoje dotychczasowe projekty,<br data-start=\"939\" data-end=\"942\"\/>\ud83e\udd1d Skontaktowa\u0107 si\u0119 z innymi tw\u00f3rcami i fotografami,<br data-start=\"973\" data-end=\"976\"\/>\ud83d\udd25 I wsp\u00f3lnie realizowa\u0107 nowe pomys\u0142y \u2013 w studio, w domu lub w podr\u00f3\u017cy.<\/p>&#13;\n<p data-start=\"1057\" data-end=\"1254\">Niezale\u017cnie od tego, czy chodzi o <a href=\"https:\/\/klaus-maresch.photography\" target=\"_blank\" rel=\"noopener\">zmys\u0142owe portrety<\/a>, mokre sesje zdj\u0119ciowe w deszczu, czy intensywne filmy erotyczne \u2013 <em data-start=\"1133\" data-end=\"1151\">collabfinder.org<\/em> \u0142\u0105czy Ci\u0119 z w\u0142a\u015bciwymi lud\u017ami, aby przenie\u015b\u0107 Twoj\u0105 tw\u00f3rczo\u015b\u0107 na wy\u017cszy poziom. Je\u015bli potrzebujesz materia\u0142\u00f3w zdj\u0119ciowych i filmowych, na przyk\u0142ad, aby zaprezentowa\u0107 si\u0119 w galeriach zdj\u0119\u0107<\/p>&#13;\n<p data-start=\"1256\" data-end=\"1334\" data-is-last-node=\"\" data-is-only-node=\"\">\ud83d\udc49 <strong data-start=\"1259\" data-end=\"1334\" data-is-last-node=\"\">Do\u0142\u0105cz i dowiedz si\u0119, kto b\u0119dzie Twoim nast\u0119pnym gor\u0105cym partnerem do wsp\u00f3\u0142pracy.<\/strong><\/p>&#13;\n<p>Aby skontaktowa\u0107 si\u0119 z naszymi tw\u00f3rcami, musisz si\u0119 tutaj zarejestrowa\u0107: <a href=\"https:\/\/app.collabfinder.org\/\">Collabfinder.org<\/a><\/p>&#13;\n<h3>Bildergalerien einiger Creators von Collabfinder.org<\/h3>&#13;\n\r\nngg_shortcode_0_placeholder\r\n","protected":false},"excerpt":{"rendered":"<p>&#13; &#13; Tutaj znajdziesz ponad 700 mi\u0119dzynarodowych tw\u00f3rc\u00f3w i partner\u00f3w do wsp\u00f3\u0142pracy, kt\u00f3rzy \u2013 tak jak Ty \u2013 maj\u0105 ochot\u0119 na kreatywne, zmys\u0142owe i erotyczne projekty. Niewa\u017cne, czy jeste\u015b Twinkiem, [&hellip;]<\/p>\n","protected":false},"author":1,"featured_media":0,"parent":0,"menu_order":0,"comment_status":"closed","ping_status":"closed","template":"","meta":{"ngg_post_thumbnail":0,"footnotes":""},"class_list":["post-2950","page","type-page","status-publish","hentry","entry"],"_links":{"self":[{"href":"https:\/\/collabfinder.org\/pl\/wp-json\/wp\/v2\/pages\/2950","targetHints":{"allow":["GET"]}}],"collection":[{"href":"https:\/\/collabfinder.org\/pl\/wp-json\/wp\/v2\/pages"}],"about":[{"href":"https:\/\/collabfinder.org\/pl\/wp-json\/wp\/v2\/types\/page"}],"author":[{"embeddable":true,"href":"https:\/\/collabfinder.org\/pl\/wp-json\/wp\/v2\/users\/1"}],"replies":[{"embeddable":true,"href":"https:\/\/collabfinder.org\/pl\/wp-json\/wp\/v2\/comments?post=2950"}],"version-history":[{"count":0,"href":"https:\/\/collabfinder.org\/pl\/wp-json\/wp\/v2\/pages\/2950\/revisions"}],"wp:attachment":[{"href":"https:\/\/collabfinder.org\/pl\/wp-json\/wp\/v2\/media?parent=2950"}],"curies":[{"name":"wp","href":"https:\/\/api.w.org\/{rel}","templated":true}]}}