{"id":2871,"date":"2019-11-08T22:31:50","date_gmt":"2019-11-08T22:31:50","guid":{"rendered":"https:\/\/collabfinder.org\/blog-collabfinder\/"},"modified":"2019-11-08T22:31:50","modified_gmt":"2019-11-08T22:31:50","slug":"blog-collabfinder","status":"publish","type":"page","link":"https:\/\/collabfinder.org\/pl\/","title":{"rendered":"Blog CollabFinder"},"content":{"rendered":"<p><a href=\"https:\/\/app.collabfinder.org\" target=\"_blank\" rel=\"noopener\"><img loading=\"lazy\" decoding=\"async\" class=\"alignright wp-image-2389 size-medium\" title=\"Zaloguj si\u0119 Collabfinder\" src=\"https:\/\/collabfinder.org\/wp-content\/uploads\/2025\/11\/Login-Collabfinder-300x70.jpg\" alt=\"Zaloguj si\u0119 Collabfinder\" width=\"300\" height=\"70\" srcset=\"https:\/\/collabfinder.org\/wp-content\/uploads\/2025\/11\/Login-Collabfinder-300x70.jpg 300w, https:\/\/collabfinder.org\/wp-content\/uploads\/2025\/11\/Login-Collabfinder-600x139.jpg 600w, https:\/\/collabfinder.org\/wp-content\/uploads\/2025\/11\/Login-Collabfinder-768x178.jpg 768w, https:\/\/collabfinder.org\/wp-content\/uploads\/2025\/11\/Login-Collabfinder.jpg 1320w\" sizes=\"auto, (max-width: 300px) 100vw, 300px\" \/><\/a><\/p>\n<p>CollabFinder to wiod\u0105ca platforma stworzona, aby zjednoczy\u0107 \u015bwiat tworzenia tre\u015bci! \u0141\u0105czymy tw\u00f3rc\u00f3w, fotograf\u00f3w, kamerzyst\u00f3w i studia w dynamicznej spo\u0142eczno\u015bci, dzi\u0119ki czemu znalezienie idealnego profesjonalnego partnera jest szybkie i \u0142atwe, bez wzgl\u0119du na to, gdzie si\u0119 znajdujesz. <\/p>\n<p><strong>Nasze kluczowe funkcje, kt\u00f3re usprawni\u0105 Twoje kolaboracje:<\/strong><\/p>\n<p>\ud83c\udf0d Globalne planowanie podr\u00f3\u017cy: Nasza praktyczna, unikalna funkcja podr\u00f3\u017cy pozwala szybko znale\u017a\u0107 idealnego partnera do wsp\u00f3\u0142pracy, fotografa, kamerzyst\u0119 lub odpowiednie studio na ca\u0142ym \u015bwiecie. Po prostu wprowad\u017a sw\u00f3j nast\u0119pny cel podr\u00f3\u017cy i zobacz, kto jest dost\u0119pny lokalnie w terminie Twojej podr\u00f3\u017cy. <\/p>\n<p>\ud83e\udd1d Bezproblemowe dopasowywanie: Min\u0119\u0142y czasy nieko\u0144cz\u0105cych si\u0119 poszukiwa\u0144! CollabFinder upraszcza proces znajdowania niezawodnych partner\u00f3w, studi\u00f3w lub cz\u0142onk\u00f3w ekipy do Twojego nast\u0119pnego projektu, oszcz\u0119dzaj\u0105c cenny czas i wysi\u0142ek. <\/p>\n<p>\u2b50 Wiarygodna ocena partner\u00f3w: Zaufanie budowane jest szybko dzi\u0119ki naszemu unikalnemu systemowi ocen. Od razu rozpoznawaj niezawodnych, wysokiej jako\u015bci partner\u00f3w i zapewnij sobie profesjonaln\u0105 i udan\u0105 wsp\u00f3\u0142prac\u0119 za ka\u017cdym razem. <\/p>\n<p>Niezale\u017cnie od tego, czy planujesz <a href=\"https:\/\/collabfinder.org\/netzwerk\/\">sesj\u0119 zdj\u0119ciow\u0105<\/a> za granic\u0105, potrzebujesz ekipy filmowej na kr\u00f3tk\u0105 podr\u00f3\u017c, czy szukasz talent\u00f3w w swoim mie\u015bcie \u2013 CollabFinder to Twoje narz\u0119dzie do networkingu i udanych projekt\u00f3w.<\/p>\n<p>Do\u0142\u0105cz do CollabFinder.org ju\u017c dzi\u015b i przekszta\u0142\u0107 swoj\u0105 kreatywn\u0105 wizj\u0119 w rzeczywisto\u015b\u0107!<\/p>\n","protected":false},"excerpt":{"rendered":"<p>CollabFinder to wiod\u0105ca platforma stworzona, aby zjednoczy\u0107 \u015bwiat tworzenia tre\u015bci! \u0141\u0105czymy tw\u00f3rc\u00f3w, fotograf\u00f3w, kamerzyst\u00f3w i studia w dynamicznej spo\u0142eczno\u015bci, dzi\u0119ki czemu znalezienie idealnego profesjonalnego partnera jest szybkie i \u0142atwe, bez [&hellip;]<\/p>\n","protected":false},"author":1,"featured_media":2870,"parent":0,"menu_order":0,"comment_status":"closed","ping_status":"closed","template":"","meta":{"ngg_post_thumbnail":0,"footnotes":""},"class_list":["post-2871","page","type-page","status-publish","has-post-thumbnail","hentry","entry","has-media"],"_links":{"self":[{"href":"https:\/\/collabfinder.org\/pl\/wp-json\/wp\/v2\/pages\/2871","targetHints":{"allow":["GET"]}}],"collection":[{"href":"https:\/\/collabfinder.org\/pl\/wp-json\/wp\/v2\/pages"}],"about":[{"href":"https:\/\/collabfinder.org\/pl\/wp-json\/wp\/v2\/types\/page"}],"author":[{"embeddable":true,"href":"https:\/\/collabfinder.org\/pl\/wp-json\/wp\/v2\/users\/1"}],"replies":[{"embeddable":true,"href":"https:\/\/collabfinder.org\/pl\/wp-json\/wp\/v2\/comments?post=2871"}],"version-history":[{"count":0,"href":"https:\/\/collabfinder.org\/pl\/wp-json\/wp\/v2\/pages\/2871\/revisions"}],"wp:featuredmedia":[{"embeddable":true,"href":"https:\/\/collabfinder.org\/pl\/wp-json\/wp\/v2\/media\/2870"}],"wp:attachment":[{"href":"https:\/\/collabfinder.org\/pl\/wp-json\/wp\/v2\/media?parent=2871"}],"curies":[{"name":"wp","href":"https:\/\/api.w.org\/{rel}","templated":true}]}}