{"id":2865,"date":"2025-12-11T12:56:58","date_gmt":"2025-12-11T12:56:58","guid":{"rendered":"https:\/\/collabfinder.org\/impressum\/"},"modified":"2025-12-11T12:56:58","modified_gmt":"2025-12-11T12:56:58","slug":"impressum","status":"publish","type":"page","link":"https:\/\/collabfinder.org\/pl\/impressum\/","title":{"rendered":"Impressum"},"content":{"rendered":"<p>Digital ProjeX GmbH<br \/>\nWiener Weg 20<br \/>\n50858 Kolonia<br \/>\n<a href=\"mailto:management@sxrank.com\" target=\"_blank\" rel=\"noreferrer noopener\">management@sxrank.com<\/a><\/p>\n<p>Reprezentowany przez dyrektora zarz\u0105dzaj\u0105cego Sasch\u0119 Vaegs<br \/>\nS\u0105d rejestrowy: Kolonia<br \/>\nNumer rejestracyjny: HRB 120919<br \/>\nIdentyfikator podatkowy: DE357919164<\/p>\n<p>Tel.: +4917674767948<\/p>\n","protected":false},"excerpt":{"rendered":"<p>Digital ProjeX GmbH Wiener Weg 20 50858 Kolonia management@sxrank.com Reprezentowany przez dyrektora zarz\u0105dzaj\u0105cego Sasch\u0119 Vaegs S\u0105d rejestrowy: Kolonia Numer rejestracyjny: HRB 120919 Identyfikator podatkowy: DE357919164 Tel.: +4917674767948<\/p>\n","protected":false},"author":1,"featured_media":0,"parent":0,"menu_order":0,"comment_status":"closed","ping_status":"closed","template":"","meta":{"ngg_post_thumbnail":0,"footnotes":""},"class_list":["post-2865","page","type-page","status-publish","hentry","entry"],"_links":{"self":[{"href":"https:\/\/collabfinder.org\/pl\/wp-json\/wp\/v2\/pages\/2865","targetHints":{"allow":["GET"]}}],"collection":[{"href":"https:\/\/collabfinder.org\/pl\/wp-json\/wp\/v2\/pages"}],"about":[{"href":"https:\/\/collabfinder.org\/pl\/wp-json\/wp\/v2\/types\/page"}],"author":[{"embeddable":true,"href":"https:\/\/collabfinder.org\/pl\/wp-json\/wp\/v2\/users\/1"}],"replies":[{"embeddable":true,"href":"https:\/\/collabfinder.org\/pl\/wp-json\/wp\/v2\/comments?post=2865"}],"version-history":[{"count":0,"href":"https:\/\/collabfinder.org\/pl\/wp-json\/wp\/v2\/pages\/2865\/revisions"}],"wp:attachment":[{"href":"https:\/\/collabfinder.org\/pl\/wp-json\/wp\/v2\/media?parent=2865"}],"curies":[{"name":"wp","href":"https:\/\/api.w.org\/{rel}","templated":true}]}}