{"id":3197,"date":"2025-12-11T12:40:11","date_gmt":"2025-12-11T12:40:11","guid":{"rendered":"https:\/\/collabfinder.org\/produkt\/placement-de-banniere-selectionne\/"},"modified":"2025-12-11T12:40:11","modified_gmt":"2025-12-11T12:40:11","slug":"placement-de-banniere-selectionne","status":"publish","type":"product","link":"https:\/\/collabfinder.org\/fr\/produkt\/placement-de-banniere-selectionne\/","title":{"rendered":"Placement de banni\u00e8re s\u00e9lectionn\u00e9"},"content":{"rendered":"<p>Avec notre&nbsp;Votre marque, votre profil de cr\u00e9ateur ou votre projet seront affich\u00e9s <strong>gr\u00e2ce au placement de banni\u00e8re mensuel<\/strong>&nbsp;Affich\u00e9s <strong>sur la plateforme CollabFinder<\/strong>, notamment :<\/p>\n<ul>\n<li>\ud83c\udf10 Page d\u2019accueil<\/li>\n<li>\ud83d\udd0e Pages de recherche de cr\u00e9ateurs<\/li>\n<li>\ud83d\udc64 Pages de profil de cr\u00e9ateur<\/li>\n<\/ul>\n<p>Ceci garantit&nbsp;Une <strong>visibilit\u00e9 maximale<\/strong> aupr\u00e8s de milliers de cr\u00e9ateurs v\u00e9rifi\u00e9s \u00e0 la recherche de nouvelles collaborations.<\/p>\n<p>\u2705<strong> Ce que vous obtenez<\/strong><\/p>\n<ul>\n<li>Pr\u00e9sentation de la banni\u00e8re pendant 30 jours<\/li>\n<li>Visible sur l\u2019ensemble du site<\/li>\n<li>Lien direct vers votre profil Collab Finder<\/li>\n<li>Parfait pour les cr\u00e9ateurs, les agences, les photographes et les marques<\/li>\n<\/ul>\n<p>\ud83d\udcd0<strong> Pas de design de banni\u00e8re<\/strong><strong>\u202f?<\/strong><\/p>\n<p>Nous pouvons vous aider \u00e0 cr\u00e9er une banni\u00e8re professionnelle (service suppl\u00e9mentaire) \ud83d\ude80<\/p>\n","protected":false},"excerpt":{"rendered":"<p><strong>Placement de banni\u00e8re mensuel<\/strong><br \/>\n\u2022 \ud83c\udf10 Page d\u2019accueil<br \/>\n\u2022 \ud83d\udd0e Pages de recherche de cr\u00e9ateurs<br \/>\n\u2022 \ud83d\udc64 Pages de profil de cr\u00e9ateur<\/p>\n","protected":false},"featured_media":2759,"comment_status":"open","ping_status":"closed","template":"","meta":{"ngg_post_thumbnail":0},"product_brand":[6016],"product_cat":[6222],"product_tag":[],"class_list":{"0":"post-3197","1":"product","2":"type-product","3":"status-publish","4":"has-post-thumbnail","6":"product_brand-collabfinder-org","7":"product_cat-service","8":"entry","9":"has-media","11":"first","12":"instock","13":"virtual","14":"taxable","15":"purchasable","16":"product-type-simple"},"_links":{"self":[{"href":"https:\/\/collabfinder.org\/fr\/wp-json\/wp\/v2\/product\/3197","targetHints":{"allow":["GET"]}}],"collection":[{"href":"https:\/\/collabfinder.org\/fr\/wp-json\/wp\/v2\/product"}],"about":[{"href":"https:\/\/collabfinder.org\/fr\/wp-json\/wp\/v2\/types\/product"}],"replies":[{"embeddable":true,"href":"https:\/\/collabfinder.org\/fr\/wp-json\/wp\/v2\/comments?post=3197"}],"wp:featuredmedia":[{"embeddable":true,"href":"https:\/\/collabfinder.org\/fr\/wp-json\/wp\/v2\/media\/2759"}],"wp:attachment":[{"href":"https:\/\/collabfinder.org\/fr\/wp-json\/wp\/v2\/media?parent=3197"}],"wp:term":[{"taxonomy":"product_brand","embeddable":true,"href":"https:\/\/collabfinder.org\/fr\/wp-json\/wp\/v2\/product_brand?post=3197"},{"taxonomy":"product_cat","embeddable":true,"href":"https:\/\/collabfinder.org\/fr\/wp-json\/wp\/v2\/product_cat?post=3197"},{"taxonomy":"product_tag","embeddable":true,"href":"https:\/\/collabfinder.org\/fr\/wp-json\/wp\/v2\/product_tag?post=3197"}],"curies":[{"name":"wp","href":"https:\/\/api.w.org\/{rel}","templated":true}]}}