{"id":3361,"date":"2025-06-16T09:46:45","date_gmt":"2025-06-16T09:46:45","guid":{"rendered":"https:\/\/collabfinder.org\/les-createurs-et-leurs-jeux-erotiques-devant-la-camera\/"},"modified":"2025-12-12T20:14:03","modified_gmt":"2025-12-12T20:14:03","slug":"les-createurs-et-leurs-jeux-erotiques-devant-la-camera","status":"publish","type":"page","link":"https:\/\/collabfinder.org\/fr\/les-createurs-et-leurs-jeux-erotiques-devant-la-camera\/","title":{"rendered":"Les cr\u00e9ateurs et leurs jeux \u00e9rotiques devant la cam\u00e9ra"},"content":{"rendered":"&#13;\n<p data-start=\"301\" data-end=\"628\">Sur Collabfinder.org, des cr\u00e9ateurs de diff\u00e9rents domaines se rencontrent pour cr\u00e9er ensemble des univers visuels exceptionnels, audacieux et sensuels. Beaucoup d&rsquo;entre eux utilisent la cam\u00e9ra non seulement comme un outil, mais comme un <strong data-start=\"524\" data-end=\"537\">terrain de jeu<\/strong>, o\u00f9 ils expriment la fantaisie, la tension, l&rsquo;\u00e9rotisme et la personnalit\u00e9 sous des formes cr\u00e9atives. <\/p>&#13;\n<h2 data-start=\"630\" data-end=\"658\"><strong data-start=\"634\" data-end=\"658\">L&rsquo;art des jeux \u00e9rotiques des cr\u00e9ateurs<\/strong><\/h2>&#13;\n<p data-start=\"659\" data-end=\"1000\">Qu&rsquo;ils soient charmants et enjou\u00e9s, provocants ou sombres et audacieux, les cr\u00e9ateurs se mettent en sc\u00e8ne \u00e0 leur mani\u00e8re. Leurs \u00ab jeux \u00bb devant la cam\u00e9ra sont l&rsquo;expression de la curiosit\u00e9, du courage et de la confiance en soi. Il en r\u00e9sulte des moments o\u00f9 le contact visuel, le langage corporel et le style cr\u00e9ent un <a href=\"https:\/\/collabfinder.org\/fr\/tu-cherches-des-partenaires-de-collab-pour-des-projets-torrides-devant-la-camera\/\">frisson \u00e9rotique<\/a> que l&rsquo;on peut presque ressentir en tant que spectateur.  <\/p>&#13;\n<p data-start=\"1002\" data-end=\"1100\">Il s&rsquo;agit de <strong data-start=\"1013\" data-end=\"1046\">mise en sc\u00e8ne plut\u00f4t que de d\u00e9nudation<\/strong>, de <strong data-start=\"1051\" data-end=\"1077\">posture plut\u00f4t que d&rsquo;action<\/strong>. De nombreux cr\u00e9ateurs utilisent : <\/p>&#13;\n<ul>&#13;\n<li data-start=\"1104\" data-end=\"1148\">sexy Outfits in Latex, Leder oder <a href=\"https:\/\/collabfinder.org\/netzwerk\/\">Clubwear\u00a0<\/a><\/li>&#13;\n<li data-start=\"1104\" data-end=\"1148\">stilisierte Fetisch-Elemente<\/li>&#13;\n<li data-start=\"1104\" data-end=\"1148\">Rollenspiele oder charakterstarke Posen<\/li>&#13;\n<li data-start=\"1104\" data-end=\"1148\">humorvolle oder provokante <a href=\"https:\/\/klaus-maresch.photography\" target=\"_blank\" rel=\"noopener\">Interaktionen mit der Kamera<\/a><\/li>&#13;\n<\/ul>&#13;\n<p data-start=\"1286\" data-end=\"1380\">Il en r\u00e9sulte des images qui sugg\u00e8rent plus qu&rsquo;elles ne montrent \u2013 et c&rsquo;est pr\u00e9cis\u00e9ment ce qui fait leur effet.<\/p>&#13;\n<h3 data-start=\"1382\" data-end=\"1420\"><strong data-start=\"1386\" data-end=\"1420\">Portr\u00e4ts voller Pers\u00f6nlichkeit<\/strong><\/h3>&#13;\n<p data-start=\"1421\" data-end=\"1616\">L&rsquo;un des points forts des galeries sur Collabfinder.org est constitu\u00e9 de s\u00e9ries de portraits qui montrent les cr\u00e9ateurs sous un jour particulier : tant\u00f4t forts et dominants, tant\u00f4t doux et accessibles, tant\u00f4t myst\u00e9rieux et s\u00e9duisants.<\/p>&#13;\n\r\nngg_shortcode_0_placeholder\r\n","protected":false},"excerpt":{"rendered":"<p>&#13; Sur Collabfinder.org, des cr\u00e9ateurs de diff\u00e9rents domaines se rencontrent pour cr\u00e9er ensemble des univers visuels exceptionnels, audacieux et sensuels. Beaucoup d&rsquo;entre eux utilisent la cam\u00e9ra non seulement comme un [&hellip;]<\/p>\n","protected":false},"author":1,"featured_media":3360,"parent":0,"menu_order":0,"comment_status":"closed","ping_status":"closed","template":"","meta":{"ngg_post_thumbnail":0,"footnotes":""},"class_list":["post-3361","page","type-page","status-publish","has-post-thumbnail","hentry","entry","has-media"],"_links":{"self":[{"href":"https:\/\/collabfinder.org\/fr\/wp-json\/wp\/v2\/pages\/3361","targetHints":{"allow":["GET"]}}],"collection":[{"href":"https:\/\/collabfinder.org\/fr\/wp-json\/wp\/v2\/pages"}],"about":[{"href":"https:\/\/collabfinder.org\/fr\/wp-json\/wp\/v2\/types\/page"}],"author":[{"embeddable":true,"href":"https:\/\/collabfinder.org\/fr\/wp-json\/wp\/v2\/users\/1"}],"replies":[{"embeddable":true,"href":"https:\/\/collabfinder.org\/fr\/wp-json\/wp\/v2\/comments?post=3361"}],"version-history":[{"count":0,"href":"https:\/\/collabfinder.org\/fr\/wp-json\/wp\/v2\/pages\/3361\/revisions"}],"wp:featuredmedia":[{"embeddable":true,"href":"https:\/\/collabfinder.org\/fr\/wp-json\/wp\/v2\/media\/3360"}],"wp:attachment":[{"href":"https:\/\/collabfinder.org\/fr\/wp-json\/wp\/v2\/media?parent=3361"}],"curies":[{"name":"wp","href":"https:\/\/api.w.org\/{rel}","templated":true}]}}