{"id":2947,"date":"2016-02-17T22:31:46","date_gmt":"2016-02-17T22:31:46","guid":{"rendered":"https:\/\/collabfinder.org\/tu-cherches-des-partenaires-de-collab-pour-des-projets-torrides-devant-la-camera\/"},"modified":"2025-12-12T16:37:38","modified_gmt":"2025-12-12T16:37:38","slug":"tu-cherches-des-partenaires-de-collab-pour-des-projets-torrides-devant-la-camera","status":"publish","type":"page","link":"https:\/\/collabfinder.org\/fr\/tu-cherches-des-partenaires-de-collab-pour-des-projets-torrides-devant-la-camera\/","title":{"rendered":"Tu cherches des partenaires de collab pour des projets torrides devant la cam\u00e9ra&nbsp;?"},"content":{"rendered":"&#13;\n<p><a href=\"https:\/\/app.collabfinder.org&#x263A;\" target=\"_blank\" rel=\"noopener\"><img loading=\"lazy\" decoding=\"async\" class=\"alignright wp-image-2389 size-medium\" title=\"Se connecter &#xE0; Collabfinder\" src=\"https:\/\/collabfinder.org\/wp-content\/uploads\/2025\/11\/Login-Collabfinder-300x70.jpg\" alt=\"Se connecter &#xE0; Collabfinder\" width=\"300\" height=\"70\" srcset=\"https:\/\/collabfinder.org\/wp-content\/uploads\/2025\/11\/Login-Collabfinder-300x70.jpg 300w, https:\/\/collabfinder.org\/wp-content\/uploads\/2025\/11\/Login-Collabfinder-600x139.jpg 600w, https:\/\/collabfinder.org\/wp-content\/uploads\/2025\/11\/Login-Collabfinder-768x178.jpg 768w, https:\/\/collabfinder.org\/wp-content\/uploads\/2025\/11\/Login-Collabfinder.jpg 1320w\" sizes=\"auto, (max-width: 300px) 100vw, 300px\" \/><\/a><\/p>&#13;\n<p data-start=\"336\" data-end=\"689\">Tu trouveras ici plus de <strong data-start=\"357\" data-end=\"388\">700 cr\u00e9ateurs et partenaires de collab internationaux<\/strong> qui, comme toi, ont envie de projets cr\u00e9atifs, sensuels et \u00e9rotiques. Que tu sois <strong data-start=\"478\" data-end=\"516\">Twink, Jock, Daddy ou Fetish Guy<\/strong>, que tu recherches du contenu pour <strong data-start=\"536\" data-end=\"580\">OnlyFans, JustForFans ou tes r\u00e9seaux sociaux<\/strong> : sur <a href=\"https:\/\/app.collabfinder.org\/login\/\"><em data-start=\"593\" data-end=\"611\">collabfinder.org<\/em><\/a>, tu trouveras des partenaires avec qui la chimie, le style et la passion correspondent.  <\/p>&#13;\n<h2 data-start=\"336\" data-end=\"689\">Ton portail pour partenaires de collab<\/h2>&#13;\n<p data-start=\"691\" data-end=\"1055\">Le portail a \u00e9t\u00e9 sp\u00e9cialement d\u00e9velopp\u00e9 pour les <strong data-start=\"721\" data-end=\"756\">cr\u00e9ateurs du milieu gay<\/strong> qui travaillent sur une <strong data-start=\"777\" data-end=\"792\">base de collab<\/strong>\u00a0: \u00e9quitable, transparente et avec respect mutuel. Tu peux y\u00a0:<br data-start=\"868\" data-end=\"871\"\/>\ud83d\udcf8 Cr\u00e9er ton profil,<br data-start=\"894\" data-end=\"897\"\/>\ud83c\udfa5 Pr\u00e9senter tes projets pr\u00e9c\u00e9dents,<br data-start=\"939\" data-end=\"942\"\/>\ud83e\udd1d Contacter d\u2019autres cr\u00e9ateurs et photographes,<br data-start=\"973\" data-end=\"976\"\/>\ud83d\udd25 Et r\u00e9aliser ensemble de nouvelles id\u00e9es \u2013 en studio, \u00e0 la maison ou en voyage. <\/p>&#13;\n<p data-start=\"1057\" data-end=\"1254\">Qu\u2019il s\u2019agisse de <a href=\"https:\/\/klaus-maresch.photography\" target=\"_blank\" rel=\"noopener\">portraits sensuels<\/a>, de s\u00e9ances photos pluvieuses ou de vid\u00e9os \u00e9rotiques intenses, <em data-start=\"1133\" data-end=\"1151\">collabfinder.org<\/em> te met en relation avec les bonnes personnes pour faire passer ton jeu de contenu au niveau sup\u00e9rieur. Si tu as besoin de mat\u00e9riel photo et vid\u00e9o, par exemple pour te pr\u00e9senter dans les galeries de photos <\/p>&#13;\n<p data-start=\"1256\" data-end=\"1334\" data-is-last-node=\"\" data-is-only-node=\"\">\ud83d\udc49 <strong data-start=\"1259\" data-end=\"1334\" data-is-last-node=\"\">Participe et d\u00e9couvre qui sera ton prochain partenaire de collab torride.<\/strong><\/p>&#13;\n<p>Pour entrer en contact avec nos cr\u00e9ateurs, tu dois t\u2019inscrire ici\u00a0: <a href=\"https:\/\/app.collabfinder.org\/\">Collabfinder.org<\/a><\/p>&#13;\n<h3>Bildergalerien einiger Creators von Collabfinder.org<\/h3>&#13;\n\r\nngg_shortcode_0_placeholder\r\n","protected":false},"excerpt":{"rendered":"<p>&#13; &#13; Tu trouveras ici plus de 700 cr\u00e9ateurs et partenaires de collab internationaux qui, comme toi, ont envie de projets cr\u00e9atifs, sensuels et \u00e9rotiques. Que tu sois Twink, Jock, [&hellip;]<\/p>\n","protected":false},"author":1,"featured_media":0,"parent":0,"menu_order":0,"comment_status":"closed","ping_status":"closed","template":"","meta":{"ngg_post_thumbnail":0,"footnotes":""},"class_list":["post-2947","page","type-page","status-publish","hentry","entry"],"_links":{"self":[{"href":"https:\/\/collabfinder.org\/fr\/wp-json\/wp\/v2\/pages\/2947","targetHints":{"allow":["GET"]}}],"collection":[{"href":"https:\/\/collabfinder.org\/fr\/wp-json\/wp\/v2\/pages"}],"about":[{"href":"https:\/\/collabfinder.org\/fr\/wp-json\/wp\/v2\/types\/page"}],"author":[{"embeddable":true,"href":"https:\/\/collabfinder.org\/fr\/wp-json\/wp\/v2\/users\/1"}],"replies":[{"embeddable":true,"href":"https:\/\/collabfinder.org\/fr\/wp-json\/wp\/v2\/comments?post=2947"}],"version-history":[{"count":0,"href":"https:\/\/collabfinder.org\/fr\/wp-json\/wp\/v2\/pages\/2947\/revisions"}],"wp:attachment":[{"href":"https:\/\/collabfinder.org\/fr\/wp-json\/wp\/v2\/media?parent=2947"}],"curies":[{"name":"wp","href":"https:\/\/api.w.org\/{rel}","templated":true}]}}