{"id":2864,"date":"2025-12-11T12:56:58","date_gmt":"2025-12-11T12:56:58","guid":{"rendered":"https:\/\/collabfinder.org\/mentions-legales\/"},"modified":"2025-12-11T12:56:58","modified_gmt":"2025-12-11T12:56:58","slug":"mentions-legales","status":"publish","type":"page","link":"https:\/\/collabfinder.org\/fr\/mentions-legales\/","title":{"rendered":"Mentions l\u00e9gales"},"content":{"rendered":"<p>Digital ProjeX GmbH<br \/>\nWiener Weg 20<br \/>\n50858 Cologne<br \/>\n<a href=\"mailto:management@sxrank.com\" target=\"_blank\" rel=\"noreferrer noopener\">management@sxrank.com<\/a><\/p>\n<p>Repr\u00e9sent\u00e9e par le directeur g\u00e9n\u00e9ral Sascha Vaegs<br \/>\nTribunal d&rsquo;enregistrement : Cologne<br \/>\nNum\u00e9ro d&rsquo;enregistrement : HRB 120919<br \/>\nNUM\u00c9RO DE TVA : DE357919164<\/p>\n<p>T\u00e9l. : +4917674767948<\/p>\n","protected":false},"excerpt":{"rendered":"<p>Digital ProjeX GmbH Wiener Weg 20 50858 Cologne management@sxrank.com Repr\u00e9sent\u00e9e par le directeur g\u00e9n\u00e9ral Sascha Vaegs Tribunal d&rsquo;enregistrement : Cologne Num\u00e9ro d&rsquo;enregistrement : HRB 120919 NUM\u00c9RO DE TVA : DE357919164 [&hellip;]<\/p>\n","protected":false},"author":1,"featured_media":0,"parent":0,"menu_order":0,"comment_status":"closed","ping_status":"closed","template":"","meta":{"ngg_post_thumbnail":0,"footnotes":""},"class_list":["post-2864","page","type-page","status-publish","hentry","entry"],"_links":{"self":[{"href":"https:\/\/collabfinder.org\/fr\/wp-json\/wp\/v2\/pages\/2864","targetHints":{"allow":["GET"]}}],"collection":[{"href":"https:\/\/collabfinder.org\/fr\/wp-json\/wp\/v2\/pages"}],"about":[{"href":"https:\/\/collabfinder.org\/fr\/wp-json\/wp\/v2\/types\/page"}],"author":[{"embeddable":true,"href":"https:\/\/collabfinder.org\/fr\/wp-json\/wp\/v2\/users\/1"}],"replies":[{"embeddable":true,"href":"https:\/\/collabfinder.org\/fr\/wp-json\/wp\/v2\/comments?post=2864"}],"version-history":[{"count":0,"href":"https:\/\/collabfinder.org\/fr\/wp-json\/wp\/v2\/pages\/2864\/revisions"}],"wp:attachment":[{"href":"https:\/\/collabfinder.org\/fr\/wp-json\/wp\/v2\/media?parent=2864"}],"curies":[{"name":"wp","href":"https:\/\/api.w.org\/{rel}","templated":true}]}}