{"id":2819,"date":"2019-11-08T22:31:50","date_gmt":"2019-11-08T22:31:50","guid":{"rendered":"https:\/\/collabfinder.org\/blog-collabfinder\/"},"modified":"2019-11-08T22:31:50","modified_gmt":"2019-11-08T22:31:50","slug":"blog-collabfinder","status":"publish","type":"page","link":"https:\/\/collabfinder.org\/fr\/","title":{"rendered":"Blog CollabFinder"},"content":{"rendered":"<p><a href=\"https:\/\/app.collabfinder.org\" target=\"_blank\" rel=\"noopener\"><img loading=\"lazy\" decoding=\"async\" class=\"alignright wp-image-2389 size-medium\" title=\"Se connecter \u00e0 Collabfinder\" src=\"https:\/\/collabfinder.org\/wp-content\/uploads\/2025\/11\/Login-Collabfinder-300x70.jpg\" alt=\"Se connecter \u00e0 Collabfinder\" width=\"300\" height=\"70\" srcset=\"https:\/\/collabfinder.org\/wp-content\/uploads\/2025\/11\/Login-Collabfinder-300x70.jpg 300w, https:\/\/collabfinder.org\/wp-content\/uploads\/2025\/11\/Login-Collabfinder-600x139.jpg 600w, https:\/\/collabfinder.org\/wp-content\/uploads\/2025\/11\/Login-Collabfinder-768x178.jpg 768w, https:\/\/collabfinder.org\/wp-content\/uploads\/2025\/11\/Login-Collabfinder.jpg 1320w\" sizes=\"auto, (max-width: 300px) 100vw, 300px\" \/><\/a><\/p>\n<p>CollabFinder est la principale plateforme con\u00e7ue pour unir le monde de la cr\u00e9ation de contenu&nbsp;! Nous connectons les cr\u00e9ateurs, les photographes, les vid\u00e9astes et les studios dans une communaut\u00e9 dynamique, ce qui rend rapide et facile de trouver le partenaire professionnel id\u00e9al, o\u00f9 que vous soyez.<\/p>\n<p><strong>Nos principales fonctionnalit\u00e9s qui am\u00e9liorent vos collabs&nbsp;:<\/strong><\/p>\n<p>\ud83c\udf0d Planification de voyage mondiale&nbsp;: Notre fonction de voyage pratique et unique vous permet de trouver rapidement le partenaire de collaboration, le photographe, le vid\u00e9aste ou le studio id\u00e9al dans le monde entier. Entrez simplement votre prochaine destination et voyez qui est disponible localement pendant vos dates de voyage.<\/p>\n<p>\ud83e\udd1d Matching sans couture&nbsp;: Fini le temps de la recherche sans fin&nbsp;! CollabFinder simplifie le processus de recherche de partenaires, de studios ou de membres d&rsquo;\u00e9quipe fiables pour votre prochain projet, ce qui vous fait gagner un temps et des efforts pr\u00e9cieux.<\/p>\n<p>\u2b50 \u00c9valuation fiable des partenaires&nbsp;: La confiance s&rsquo;\u00e9tablit rapidement gr\u00e2ce \u00e0 notre syst\u00e8me d&rsquo;\u00e9valuation unique. Identifiez instantan\u00e9ment des partenaires fiables et de qualit\u00e9 en un coup d&rsquo;\u0153il et assurez-vous des collaborations professionnelles et r\u00e9ussies \u00e0 chaque fois.<\/p>\n<p>Que vous planifiiez une <a href=\"https:\/\/collabfinder.org\/netzwerk\/\">s\u00e9ance photo<\/a> \u00e0 l&rsquo;\u00e9tranger, que vous ayez besoin d&rsquo;une \u00e9quipe vid\u00e9o pour un court voyage ou que vous recherchiez des talents dans votre ville, CollabFinder est votre outil d\u00e9di\u00e9 au r\u00e9seautage et aux projets r\u00e9ussis.<\/p>\n<p>Rejoignez CollabFinder.org d\u00e8s aujourd&rsquo;hui et transformez votre vision cr\u00e9ative en r\u00e9alit\u00e9&nbsp;!<\/p>\n","protected":false},"excerpt":{"rendered":"<p>CollabFinder est la principale plateforme con\u00e7ue pour unir le monde de la cr\u00e9ation de contenu&nbsp;! Nous connectons les cr\u00e9ateurs, les photographes, les vid\u00e9astes et les studios dans une communaut\u00e9 dynamique, [&hellip;]<\/p>\n","protected":false},"author":1,"featured_media":2818,"parent":0,"menu_order":0,"comment_status":"closed","ping_status":"closed","template":"","meta":{"ngg_post_thumbnail":0,"footnotes":""},"class_list":["post-2819","page","type-page","status-publish","has-post-thumbnail","hentry","entry","has-media"],"_links":{"self":[{"href":"https:\/\/collabfinder.org\/fr\/wp-json\/wp\/v2\/pages\/2819","targetHints":{"allow":["GET"]}}],"collection":[{"href":"https:\/\/collabfinder.org\/fr\/wp-json\/wp\/v2\/pages"}],"about":[{"href":"https:\/\/collabfinder.org\/fr\/wp-json\/wp\/v2\/types\/page"}],"author":[{"embeddable":true,"href":"https:\/\/collabfinder.org\/fr\/wp-json\/wp\/v2\/users\/1"}],"replies":[{"embeddable":true,"href":"https:\/\/collabfinder.org\/fr\/wp-json\/wp\/v2\/comments?post=2819"}],"version-history":[{"count":0,"href":"https:\/\/collabfinder.org\/fr\/wp-json\/wp\/v2\/pages\/2819\/revisions"}],"wp:featuredmedia":[{"embeddable":true,"href":"https:\/\/collabfinder.org\/fr\/wp-json\/wp\/v2\/media\/2818"}],"wp:attachment":[{"href":"https:\/\/collabfinder.org\/fr\/wp-json\/wp\/v2\/media?parent=2819"}],"curies":[{"name":"wp","href":"https:\/\/api.w.org\/{rel}","templated":true}]}}