{"id":2322,"date":"2016-02-17T22:31:46","date_gmt":"2016-02-17T22:31:46","guid":{"rendered":"https:\/\/collabfinder.org\/buscas-companeros-de-colaboracion-para-proyectos-ardientes-delante-de-la-camara\/"},"modified":"2025-12-12T16:47:10","modified_gmt":"2025-12-12T16:47:10","slug":"buscas-companeros-de-colaboracion-para-proyectos-ardientes-delante-de-la-camara","status":"publish","type":"page","link":"https:\/\/collabfinder.org\/es\/buscas-companeros-de-colaboracion-para-proyectos-ardientes-delante-de-la-camara\/","title":{"rendered":"\u00bfBuscas compa\u00f1eros de colaboraci\u00f3n para proyectos ardientes delante de la c\u00e1mara?"},"content":{"rendered":"&#13;\n<p><a href=\"https:\/\/app.collabfinder.org\" target=\"_blank\" rel=\"noopener\"><img loading=\"lazy\" decoding=\"async\" class=\"alignright wp-image-2389 size-medium\" title=\"Iniciar sesi&#xF3;n en Collabfinder\" src=\"https:\/\/collabfinder.org\/wp-content\/uploads\/2025\/11\/Login-Collabfinder-300x70.jpg\" alt=\"Iniciar sesi&#xF3;n en Collabfinder\" width=\"300\" height=\"70\" srcset=\"https:\/\/collabfinder.org\/wp-content\/uploads\/2025\/11\/Login-Collabfinder-300x70.jpg 300w, https:\/\/collabfinder.org\/wp-content\/uploads\/2025\/11\/Login-Collabfinder-600x139.jpg 600w, https:\/\/collabfinder.org\/wp-content\/uploads\/2025\/11\/Login-Collabfinder-768x178.jpg 768w, https:\/\/collabfinder.org\/wp-content\/uploads\/2025\/11\/Login-Collabfinder.jpg 1320w\" sizes=\"auto, (max-width: 300px) 100vw, 300px\" \/><\/a><\/p>&#13;\n<p data-start=\"336\" data-end=\"689\">Aqu\u00ed encontrar\u00e1s a m\u00e1s de 7<strong data-start=\"357\" data-end=\"388\">00 creadores y colaboradores internacionales<\/strong> que, igual que t\u00fa, tienen ganas de proyectos creativos, sensuales y er\u00f3ticos. Ya seas <strong data-start=\"478\" data-end=\"516\">twink, jock, daddy o fetish guy<\/strong>, y tanto si creas contenido para <strong data-start=\"536\" data-end=\"580\">OnlyFans, JustForFans o tus redes sociales,<\/strong> en <em data-start=\"593\" data-end=\"611\"><a href=\"https:\/\/app.collabfinder.org\/login\/\">collabfinder.org<\/a><\/em> encontrar\u00e1s partners con los que coinciden qu\u00edmica, estilo y pasi\u00f3n. <\/p>&#13;\n<h2 data-start=\"336\" data-end=\"689\">Tu portal para colaboradores<\/h2>&#13;\n<p data-start=\"691\" data-end=\"1055\">La plataforma fue creada especialmente para <strong data-start=\"721\" data-end=\"756\">creadores del \u00e1mbito gay<\/strong> que trabajan en base a colaboraciones \u2014de forma justa, transparente y con respeto mutuo. All\u00ed puedes:<br data-start=\"868\" data-end=\"871\"\/>\ud83d\udcf8 Crear tu perfil,<br data-start=\"894\" data-end=\"897\"\/>\ud83c\udfa5 Presentar tus proyectos anteriores,<br data-start=\"939\" data-end=\"942\"\/>\ud83e\udd1d Contactar con otros creadores y fot\u00f3grafos,<br data-start=\"973\" data-end=\"976\"\/>\ud83d\udd25 Y realizar nuevas ideas juntos, ya sea en el estudio, en casa o de viaje.<\/p>&#13;\n<p data-start=\"1057\" data-end=\"1254\">Ya sean <a href=\"https:\/\/klaus-maresch.photography\" target=\"_blank\" rel=\"noopener\">retratos sensuales<\/a>, sesiones de fotos bajo la lluvia o v\u00eddeos er\u00f3ticos intensos, <em data-start=\"1133\" data-end=\"1151\">collabfinder.org<\/em> te pone en contacto con las personas adecuadas para llevar tu contenido al siguiente nivel. Si necesitas fotos o v\u00eddeos para presentarte en las galer\u00edas de creadores, este es el lugar ideal para empezar.<\/p>&#13;\n<p data-start=\"1256\" data-end=\"1334\" data-is-last-node=\"\" data-is-only-node=\"\"><strong data-start=\"1259\" data-end=\"1334\" data-is-last-node=\"\">\ud83d\udc49 \u00danete ahora y descubre qui\u00e9n ser\u00e1 tu pr\u00f3ximo colaborador caliente.<\/strong><\/p>&#13;\n<p>Para ponerte en contacto con nuestros creadores, debes registrarte aqu\u00ed: <a href=\"https:\/\/app.collabfinder.org\/\">collabfinder.org<\/a><\/p>&#13;\n<h3>Bildergalerien einiger Creators von Collabfinder.org<\/h3>&#13;\n\r\nngg_shortcode_0_placeholder\r\n","protected":false},"excerpt":{"rendered":"<p>&#13; &#13; Aqu\u00ed encontrar\u00e1s a m\u00e1s de 700 creadores y colaboradores internacionales que, igual que t\u00fa, tienen ganas de proyectos creativos, sensuales y er\u00f3ticos. Ya seas twink, jock, daddy o [&hellip;]<\/p>\n","protected":false},"author":1,"featured_media":0,"parent":0,"menu_order":0,"comment_status":"closed","ping_status":"closed","template":"","meta":{"ngg_post_thumbnail":0,"footnotes":""},"class_list":["post-2322","page","type-page","status-publish","hentry","entry"],"_links":{"self":[{"href":"https:\/\/collabfinder.org\/es\/wp-json\/wp\/v2\/pages\/2322","targetHints":{"allow":["GET"]}}],"collection":[{"href":"https:\/\/collabfinder.org\/es\/wp-json\/wp\/v2\/pages"}],"about":[{"href":"https:\/\/collabfinder.org\/es\/wp-json\/wp\/v2\/types\/page"}],"author":[{"embeddable":true,"href":"https:\/\/collabfinder.org\/es\/wp-json\/wp\/v2\/users\/1"}],"replies":[{"embeddable":true,"href":"https:\/\/collabfinder.org\/es\/wp-json\/wp\/v2\/comments?post=2322"}],"version-history":[{"count":0,"href":"https:\/\/collabfinder.org\/es\/wp-json\/wp\/v2\/pages\/2322\/revisions"}],"wp:attachment":[{"href":"https:\/\/collabfinder.org\/es\/wp-json\/wp\/v2\/media?parent=2322"}],"curies":[{"name":"wp","href":"https:\/\/api.w.org\/{rel}","templated":true}]}}