{"id":2294,"date":"2019-11-08T22:31:50","date_gmt":"2019-11-08T22:31:50","guid":{"rendered":"https:\/\/collabfinder.org\/blog-de-collabfinder\/"},"modified":"2025-12-12T15:39:04","modified_gmt":"2025-12-12T15:39:04","slug":"blog-de-collabfinder","status":"publish","type":"page","link":"https:\/\/collabfinder.org\/es\/","title":{"rendered":"Blog de CollabFinder"},"content":{"rendered":"<p><a href=\"https:\/\/app.collabfinder.org\" target=\"_blank\" rel=\"noopener\"><img loading=\"lazy\" decoding=\"async\" class=\"alignright wp-image-2389 size-medium\" title=\"Iniciar sesi\u00f3n en Collabfinder\" src=\"https:\/\/collabfinder.org\/wp-content\/uploads\/2025\/11\/Login-Collabfinder-300x70.jpg\" alt=\"Iniciar sesi\u00f3n en Collabfinder\" width=\"300\" height=\"70\" srcset=\"https:\/\/collabfinder.org\/wp-content\/uploads\/2025\/11\/Login-Collabfinder-300x70.jpg 300w, https:\/\/collabfinder.org\/wp-content\/uploads\/2025\/11\/Login-Collabfinder-600x139.jpg 600w, https:\/\/collabfinder.org\/wp-content\/uploads\/2025\/11\/Login-Collabfinder-768x178.jpg 768w, https:\/\/collabfinder.org\/wp-content\/uploads\/2025\/11\/Login-Collabfinder.jpg 1320w\" sizes=\"auto, (max-width: 300px) 100vw, 300px\" \/><\/a><\/p>\n<p>\u00a1CollabFinder es la plataforma l\u00edder dise\u00f1ada para unir el mundo de la creaci\u00f3n de contenido! Conectamos a creadores, fot\u00f3grafos, vide\u00f3grafos y estudios en una comunidad din\u00e1mica, haciendo que sea r\u00e1pido y f\u00e1cil encontrar a tu pareja profesional perfecta, sin importar d\u00f3nde te encuentres.<\/p>\n<p><strong>Nuestras funciones clave que mejoran tus colaboraciones:<\/strong><\/p>\n<p>\ud83c\udf0d Planificaci\u00f3n de viajes global: Nuestra pr\u00e1ctica y \u00fanica funci\u00f3n de viaje te permite encontrar r\u00e1pidamente al socio de colaboraci\u00f3n, fot\u00f3grafo, vide\u00f3grafo o estudio adecuado en todo el mundo. Simplemente introduce tu pr\u00f3ximo destino y mira qui\u00e9n est\u00e1 disponible localmente durante las fechas de tu viaje.<\/p>\n<p>\ud83e\udd1d Matching perfecto: \u00a1Se acabaron los tiempos de la b\u00fasqueda interminable! CollabFinder simplifica el proceso de encontrar socios, estudios o miembros del equipo confiables para tu pr\u00f3ximo proyecto, ahorr\u00e1ndote valioso tiempo y esfuerzo.<\/p>\n<p>\u2b50 Evaluaci\u00f3n de socios confiable: La confianza se construye r\u00e1pidamente con nuestro sistema de evaluaci\u00f3n \u00fanico. Reconoce socios confiables y de alta calidad al instante y aseg\u00farate colaboraciones profesionales y exitosas en cada momento.<\/p>\n<p>Ya sea que est\u00e9s planeando una <a href=\"https:\/\/collabfinder.org\/netzwerk\/\">sesi\u00f3n de fotos<\/a> en el extranjero, necesites un equipo de video para un viaje corto o est\u00e9s buscando talentos en tu ciudad, CollabFinder es tu herramienta dedicada para establecer contactos y realizar proyectos exitosos.<\/p>\n<p>\u00a1\u00danete a CollabFinder.org hoy mismo y transforma tu visi\u00f3n creativa en realidad!<\/p>\n","protected":false},"excerpt":{"rendered":"<p>\u00a1CollabFinder es la plataforma l\u00edder dise\u00f1ada para unir el mundo de la creaci\u00f3n de contenido! Conectamos a creadores, fot\u00f3grafos, vide\u00f3grafos y estudios en una comunidad din\u00e1mica, haciendo que sea r\u00e1pido [&hellip;]<\/p>\n","protected":false},"author":1,"featured_media":2293,"parent":0,"menu_order":0,"comment_status":"closed","ping_status":"closed","template":"","meta":{"ngg_post_thumbnail":0,"footnotes":""},"class_list":["post-2294","page","type-page","status-publish","has-post-thumbnail","hentry","entry","has-media"],"_links":{"self":[{"href":"https:\/\/collabfinder.org\/es\/wp-json\/wp\/v2\/pages\/2294","targetHints":{"allow":["GET"]}}],"collection":[{"href":"https:\/\/collabfinder.org\/es\/wp-json\/wp\/v2\/pages"}],"about":[{"href":"https:\/\/collabfinder.org\/es\/wp-json\/wp\/v2\/types\/page"}],"author":[{"embeddable":true,"href":"https:\/\/collabfinder.org\/es\/wp-json\/wp\/v2\/users\/1"}],"replies":[{"embeddable":true,"href":"https:\/\/collabfinder.org\/es\/wp-json\/wp\/v2\/comments?post=2294"}],"version-history":[{"count":0,"href":"https:\/\/collabfinder.org\/es\/wp-json\/wp\/v2\/pages\/2294\/revisions"}],"wp:featuredmedia":[{"embeddable":true,"href":"https:\/\/collabfinder.org\/es\/wp-json\/wp\/v2\/media\/2293"}],"wp:attachment":[{"href":"https:\/\/collabfinder.org\/es\/wp-json\/wp\/v2\/media?parent=2294"}],"curies":[{"name":"wp","href":"https:\/\/api.w.org\/{rel}","templated":true}]}}