{"id":3191,"date":"2025-12-11T12:40:11","date_gmt":"2025-12-11T12:40:11","guid":{"rendered":"https:\/\/collabfinder.org\/produkt\/vybrane-umisteni-banneru\/"},"modified":"2025-12-11T12:40:11","modified_gmt":"2025-12-11T12:40:11","slug":"vybrane-umisteni-banneru","status":"publish","type":"product","link":"https:\/\/collabfinder.org\/cs\/produkt\/vybrane-umisteni-banneru\/","title":{"rendered":"Vybran\u00e9 um\u00edst\u011bn\u00ed banneru"},"content":{"rendered":"<p>S na\u0161\u00edm&nbsp;D\u00edky <strong>m\u011bs\u00ed\u010dn\u00edmu um\u00edst\u011bn\u00ed banneru<\/strong> se va\u0161e zna\u010dka, profil tv\u016frce nebo projekt&nbsp;zobraz\u00ed <strong>na platform\u011b CollabFinder<\/strong> \u2013 v\u010detn\u011b:<\/p>\n<ul>\n<li>\ud83c\udf10 Domovsk\u00e1 str\u00e1nka<\/li>\n<li>\ud83d\udd0e Str\u00e1nky pro vyhled\u00e1v\u00e1n\u00ed tv\u016frc\u016f<\/li>\n<li>\ud83d\udc64 Profilov\u00e9 str\u00e1nky tv\u016frc\u016f<\/li>\n<\/ul>\n<p>To zaru\u010duje&nbsp;<strong>maxim\u00e1ln\u00ed viditelnost<\/strong> pro tis\u00edce ov\u011b\u0159en\u00fdch tv\u016frc\u016f, kte\u0159\u00ed hledaj\u00ed nov\u00e9 spolupr\u00e1ce.<\/p>\n<p>\u2705<strong> Co z\u00edsk\u00e1te<\/strong><\/p>\n<ul>\n<li>30denn\u00ed prezentace banneru<\/li>\n<li>Viditeln\u00e9 po cel\u00e9m webu<\/li>\n<li>P\u0159\u00edm\u00fd odkaz na v\u00e1\u0161 profil Collab Finder<\/li>\n<li>Ide\u00e1ln\u00ed pro tv\u016frce, agentury, fotografy a zna\u010dky<\/li>\n<\/ul>\n<p>\ud83d\udcd0<strong> Nem\u00e1te n\u00e1vrh banneru<\/strong><strong>?<\/strong><\/p>\n<p>M\u016f\u017eeme v\u00e1m pomoci vytvo\u0159it profesion\u00e1ln\u00ed banner (dopl\u0148kov\u00e1 slu\u017eba) \ud83d\ude80<\/p>\n","protected":false},"excerpt":{"rendered":"<p><strong>M\u011bs\u00ed\u010dn\u00ed um\u00edst\u011bn\u00ed banneru<\/strong><br \/>\n\u2022 \ud83c\udf10 Domovsk\u00e1 str\u00e1nka<br \/>\n\u2022 \ud83d\udd0e Str\u00e1nky pro vyhled\u00e1v\u00e1n\u00ed tv\u016frc\u016f<br \/>\n\u2022 \ud83d\udc64 Profilov\u00e9 str\u00e1nky tv\u016frc\u016f<\/p>\n","protected":false},"featured_media":2759,"comment_status":"open","ping_status":"closed","template":"","meta":{"ngg_post_thumbnail":0},"product_brand":[6016],"product_cat":[6219],"product_tag":[],"class_list":{"0":"post-3191","1":"product","2":"type-product","3":"status-publish","4":"has-post-thumbnail","6":"product_brand-collabfinder-org","7":"product_cat-sluzba","8":"entry","9":"has-media","11":"first","12":"instock","13":"virtual","14":"taxable","15":"purchasable","16":"product-type-simple"},"_links":{"self":[{"href":"https:\/\/collabfinder.org\/cs\/wp-json\/wp\/v2\/product\/3191","targetHints":{"allow":["GET"]}}],"collection":[{"href":"https:\/\/collabfinder.org\/cs\/wp-json\/wp\/v2\/product"}],"about":[{"href":"https:\/\/collabfinder.org\/cs\/wp-json\/wp\/v2\/types\/product"}],"replies":[{"embeddable":true,"href":"https:\/\/collabfinder.org\/cs\/wp-json\/wp\/v2\/comments?post=3191"}],"wp:featuredmedia":[{"embeddable":true,"href":"https:\/\/collabfinder.org\/cs\/wp-json\/wp\/v2\/media\/2759"}],"wp:attachment":[{"href":"https:\/\/collabfinder.org\/cs\/wp-json\/wp\/v2\/media?parent=3191"}],"wp:term":[{"taxonomy":"product_brand","embeddable":true,"href":"https:\/\/collabfinder.org\/cs\/wp-json\/wp\/v2\/product_brand?post=3191"},{"taxonomy":"product_cat","embeddable":true,"href":"https:\/\/collabfinder.org\/cs\/wp-json\/wp\/v2\/product_cat?post=3191"},{"taxonomy":"product_tag","embeddable":true,"href":"https:\/\/collabfinder.org\/cs\/wp-json\/wp\/v2\/product_tag?post=3191"}],"curies":[{"name":"wp","href":"https:\/\/api.w.org\/{rel}","templated":true}]}}