{"id":3235,"date":"2025-06-16T09:46:45","date_gmt":"2025-06-16T09:46:45","guid":{"rendered":"https:\/\/collabfinder.org\/tvurci-a-jejich-eroticke-hry-pred-kamerou\/"},"modified":"2025-12-12T20:11:31","modified_gmt":"2025-12-12T20:11:31","slug":"tvurci-a-jejich-eroticke-hry-pred-kamerou","status":"publish","type":"page","link":"https:\/\/collabfinder.org\/cs\/tvurci-a-jejich-eroticke-hry-pred-kamerou\/","title":{"rendered":"Tv\u016frci a jejich erotick\u00e9 hry p\u0159ed kamerou"},"content":{"rendered":"&#13;\n<p data-start=\"301\" data-end=\"628\">Na Collabfinder.org se setk\u00e1vaj\u00ed tv\u016frci z nejr\u016fzn\u011bj\u0161\u00edch oblast\u00ed, aby spole\u010dn\u011b vytv\u00e1\u0159eli neoby\u010dejn\u00e9, odv\u00e1\u017en\u00e9 a smysln\u00e9 sv\u011bty obraz\u016f. Mnoz\u00ed z nich pou\u017e\u00edvaj\u00ed kameru nejen jako n\u00e1stroj, ale jako <strong data-start=\"524\" data-end=\"537\">h\u0159i\u0161t\u011b<\/strong>, na kter\u00e9m vyjad\u0159uj\u00ed fantazii, nap\u011bt\u00ed, erotiku a osobnost v kreativn\u00edch form\u00e1ch. <\/p>&#13;\n<h2 data-start=\"630\" data-end=\"658\"><strong data-start=\"634\" data-end=\"658\">Um\u011bn\u00ed erotick\u00fdch her tv\u016frc\u016f<\/strong><\/h2>&#13;\n<p data-start=\"659\" data-end=\"1000\">A\u0165 u\u017e jsou tv\u016frci okouzluj\u00edc\u00ed a hrav\u00ed, provokativn\u00ed nebo temn\u00ed a ost\u0159\u00ed \u2013 inscenuj\u00ed se sv\u00fdm vlastn\u00edm zp\u016fsobem. Jejich \u201ehry\u201c p\u0159ed kamerou jsou v\u00fdrazem zv\u011bdavosti, odvahy a sebev\u011bdom\u00ed. Vznikaj\u00ed tak momenty, ve kter\u00fdch o\u010dn\u00ed kontakt, \u0159e\u010d t\u011bla a styling vytv\u00e1\u0159ej\u00ed <a href=\"https:\/\/collabfinder.org\/cs\/hledas-partaky-pro-spolupraci-na-zhavych-projektech-pred-kamerou\/\">erotick\u00e9 jisk\u0159en\u00ed<\/a>, kter\u00e9 m\u016f\u017ee div\u00e1k t\u00e9m\u011b\u0159 c\u00edtit.  <\/p>&#13;\n<p data-start=\"1002\" data-end=\"1100\">Jde o <strong data-start=\"1013\" data-end=\"1046\">inscenaci, ne o odhalen\u00ed<\/strong>, o <strong data-start=\"1051\" data-end=\"1077\">postoj, ne o \u010din<\/strong>. Mnoho tv\u016frc\u016f pou\u017e\u00edv\u00e1: <\/p>&#13;\n<ul>&#13;\n<li data-start=\"1104\" data-end=\"1148\">sexy Outfits in Latex, Leder oder <a href=\"https:\/\/collabfinder.org\/netzwerk\/\">Clubwear\u00a0<\/a><\/li>&#13;\n<li data-start=\"1104\" data-end=\"1148\">stilisierte Fetisch-Elemente<\/li>&#13;\n<li data-start=\"1104\" data-end=\"1148\">Rollenspiele oder charakterstarke Posen<\/li>&#13;\n<li data-start=\"1104\" data-end=\"1148\">humorvolle oder provokante <a href=\"https:\/\/klaus-maresch.photography\" target=\"_blank\" rel=\"noopener\">Interaktionen mit der Kamera<\/a><\/li>&#13;\n<\/ul>&#13;\n<p data-start=\"1286\" data-end=\"1380\">Vznikaj\u00ed tak obrazy, kter\u00e9 v\u00edce nazna\u010duj\u00ed, ne\u017e ukazuj\u00ed \u2013 a pr\u00e1v\u011b t\u00edm rozv\u00edjej\u00ed sv\u016fj \u00fa\u010dinek.<\/p>&#13;\n<h3 data-start=\"1382\" data-end=\"1420\"><strong data-start=\"1386\" data-end=\"1420\">Portr\u00e4ts voller Pers\u00f6nlichkeit<\/strong><\/h3>&#13;\n<p data-start=\"1421\" data-end=\"1616\">Jedn\u00edm z hlavn\u00edch zam\u011b\u0159en\u00ed galeri\u00ed na Collabfinder.org jsou portr\u00e9tn\u00ed s\u00e9rie, kter\u00e9 ukazuj\u00ed tv\u016frce ve zvl\u00e1\u0161tn\u00edm sv\u011btle: jednou siln\u00e9 a dominantn\u00ed, jednou jemn\u00e9 a p\u0159\u00edstupn\u00e9, jednou tajemn\u00e9 a sv\u016fdn\u00e9.<\/p>&#13;\n\r\nngg_shortcode_0_placeholder\r\n","protected":false},"excerpt":{"rendered":"<p>&#13; Na Collabfinder.org se setk\u00e1vaj\u00ed tv\u016frci z nejr\u016fzn\u011bj\u0161\u00edch oblast\u00ed, aby spole\u010dn\u011b vytv\u00e1\u0159eli neoby\u010dejn\u00e9, odv\u00e1\u017en\u00e9 a smysln\u00e9 sv\u011bty obraz\u016f. Mnoz\u00ed z nich pou\u017e\u00edvaj\u00ed kameru nejen jako n\u00e1stroj, ale jako h\u0159i\u0161t\u011b, na [&hellip;]<\/p>\n","protected":false},"author":1,"featured_media":3234,"parent":0,"menu_order":0,"comment_status":"closed","ping_status":"closed","template":"","meta":{"ngg_post_thumbnail":0,"footnotes":""},"class_list":["post-3235","page","type-page","status-publish","has-post-thumbnail","hentry","entry","has-media"],"_links":{"self":[{"href":"https:\/\/collabfinder.org\/cs\/wp-json\/wp\/v2\/pages\/3235","targetHints":{"allow":["GET"]}}],"collection":[{"href":"https:\/\/collabfinder.org\/cs\/wp-json\/wp\/v2\/pages"}],"about":[{"href":"https:\/\/collabfinder.org\/cs\/wp-json\/wp\/v2\/types\/page"}],"author":[{"embeddable":true,"href":"https:\/\/collabfinder.org\/cs\/wp-json\/wp\/v2\/users\/1"}],"replies":[{"embeddable":true,"href":"https:\/\/collabfinder.org\/cs\/wp-json\/wp\/v2\/comments?post=3235"}],"version-history":[{"count":0,"href":"https:\/\/collabfinder.org\/cs\/wp-json\/wp\/v2\/pages\/3235\/revisions"}],"wp:featuredmedia":[{"embeddable":true,"href":"https:\/\/collabfinder.org\/cs\/wp-json\/wp\/v2\/media\/3234"}],"wp:attachment":[{"href":"https:\/\/collabfinder.org\/cs\/wp-json\/wp\/v2\/media?parent=3235"}],"curies":[{"name":"wp","href":"https:\/\/api.w.org\/{rel}","templated":true}]}}