{"id":2861,"date":"2025-12-11T12:56:58","date_gmt":"2025-12-11T12:56:58","guid":{"rendered":"https:\/\/collabfinder.org\/impresum\/"},"modified":"2025-12-11T12:56:58","modified_gmt":"2025-12-11T12:56:58","slug":"impresum","status":"publish","type":"page","link":"https:\/\/collabfinder.org\/cs\/impresum\/","title":{"rendered":"Impresum"},"content":{"rendered":"<p>Digital ProjeX GmbH<br \/>\nWiener Weg 20<br \/>\n50858 Kol\u00edn nad R\u00fdnem<br \/>\n<a href=\"mailto:management@sxrank.com\" target=\"_blank\" rel=\"noreferrer noopener\">management@sxrank.com<\/a><\/p>\n<p>Zastoupeno jednatelem Saschou Vaegsem<br \/>\nRegistra\u010dn\u00ed soud: Kol\u00edn nad R\u00fdnem<br \/>\nRegistra\u010dn\u00ed \u010d\u00edslo: HRB 120919<br \/>\nDA\u0147OV\u00c9 IDENTIFIKA\u010cN\u00cd \u010c\u00cdSLO: DE357919164<\/p>\n<p>Tel.: +4917674767948<\/p>\n","protected":false},"excerpt":{"rendered":"<p>Digital ProjeX GmbH Wiener Weg 20 50858 Kol\u00edn nad R\u00fdnem management@sxrank.com Zastoupeno jednatelem Saschou Vaegsem Registra\u010dn\u00ed soud: Kol\u00edn nad R\u00fdnem Registra\u010dn\u00ed \u010d\u00edslo: HRB 120919 DA\u0147OV\u00c9 IDENTIFIKA\u010cN\u00cd \u010c\u00cdSLO: DE357919164 Tel.: +4917674767948<\/p>\n","protected":false},"author":1,"featured_media":0,"parent":0,"menu_order":0,"comment_status":"closed","ping_status":"closed","template":"","meta":{"ngg_post_thumbnail":0,"footnotes":""},"class_list":["post-2861","page","type-page","status-publish","hentry","entry"],"_links":{"self":[{"href":"https:\/\/collabfinder.org\/cs\/wp-json\/wp\/v2\/pages\/2861","targetHints":{"allow":["GET"]}}],"collection":[{"href":"https:\/\/collabfinder.org\/cs\/wp-json\/wp\/v2\/pages"}],"about":[{"href":"https:\/\/collabfinder.org\/cs\/wp-json\/wp\/v2\/types\/page"}],"author":[{"embeddable":true,"href":"https:\/\/collabfinder.org\/cs\/wp-json\/wp\/v2\/users\/1"}],"replies":[{"embeddable":true,"href":"https:\/\/collabfinder.org\/cs\/wp-json\/wp\/v2\/comments?post=2861"}],"version-history":[{"count":0,"href":"https:\/\/collabfinder.org\/cs\/wp-json\/wp\/v2\/pages\/2861\/revisions"}],"wp:attachment":[{"href":"https:\/\/collabfinder.org\/cs\/wp-json\/wp\/v2\/media?parent=2861"}],"curies":[{"name":"wp","href":"https:\/\/api.w.org\/{rel}","templated":true}]}}