{"id":2857,"date":"2019-11-08T22:31:50","date_gmt":"2019-11-08T22:31:50","guid":{"rendered":"https:\/\/collabfinder.org\/blog-collabfinder\/"},"modified":"2019-11-08T22:31:50","modified_gmt":"2019-11-08T22:31:50","slug":"blog-collabfinder","status":"publish","type":"page","link":"https:\/\/collabfinder.org\/cs\/","title":{"rendered":"Blog CollabFinder"},"content":{"rendered":"<p><a href=\"https:\/\/app.collabfinder.org\" target=\"_blank\" rel=\"noopener\"><img loading=\"lazy\" decoding=\"async\" class=\"alignright wp-image-2389 size-medium\" title=\"P\u0159ihl\u00e1sit se na Collabfinder\" src=\"https:\/\/collabfinder.org\/wp-content\/uploads\/2025\/11\/Login-Collabfinder-300x70.jpg\" alt=\"P\u0159ihl\u00e1sit se na Collabfinder\" width=\"300\" height=\"70\" srcset=\"https:\/\/collabfinder.org\/wp-content\/uploads\/2025\/11\/Login-Collabfinder-300x70.jpg 300w, https:\/\/collabfinder.org\/wp-content\/uploads\/2025\/11\/Login-Collabfinder-600x139.jpg 600w, https:\/\/collabfinder.org\/wp-content\/uploads\/2025\/11\/Login-Collabfinder-768x178.jpg 768w, https:\/\/collabfinder.org\/wp-content\/uploads\/2025\/11\/Login-Collabfinder.jpg 1320w\" sizes=\"auto, (max-width: 300px) 100vw, 300px\" \/><\/a><\/p>\n<p>CollabFinder je p\u0159edn\u00ed platforma, kter\u00e1 byla vyvinuta, aby sjednotila sv\u011bt tvorby obsahu! Propojujeme tv\u016frce, fotografy, kameramany a studia v dynamick\u00e9 komunit\u011b a umo\u017e\u0148ujeme rychl\u00e9 a snadn\u00e9 nalezen\u00ed dokonal\u00e9ho profesion\u00e1ln\u00edho partnera bez ohledu na to, kde se nach\u00e1z\u00edte. <\/p>\n<p><strong>Na\u0161e kl\u00ed\u010dov\u00e9 funkce, kter\u00e9 vylep\u0161\u00ed va\u0161e kolaborace:<\/strong><\/p>\n<p>\ud83c\udf0d Glob\u00e1ln\u00ed pl\u00e1nov\u00e1n\u00ed cest: Na\u0161e praktick\u00e1 a jedine\u010dn\u00e1 funkce cestov\u00e1n\u00ed v\u00e1m umo\u017e\u0148uje rychle naj\u00edt dokonal\u00e9ho partnera pro spolupr\u00e1ci, fotografa, kameramana nebo vhodn\u00e9 studio po cel\u00e9m sv\u011bt\u011b. Jednodu\u0161e zadejte sv\u016fj p\u0159\u00ed\u0161t\u00ed c\u00edl a pod\u00edvejte se, kdo je lok\u00e1ln\u011b dostupn\u00fd b\u011bhem va\u0161ich cestovn\u00edch term\u00edn\u016f. <\/p>\n<p>\ud83e\udd1d Bezprobl\u00e9mov\u00e9 p\u00e1rov\u00e1n\u00ed: Doby nekone\u010dn\u00e9ho hled\u00e1n\u00ed jsou pry\u010d! CollabFinder zjednodu\u0161uje proces hled\u00e1n\u00ed spolehliv\u00fdch partner\u016f, studi\u00ed nebo \u010dlen\u016f \u0161t\u00e1bu pro v\u00e1\u0161 p\u0159\u00ed\u0161t\u00ed projekt a \u0161et\u0159\u00ed v\u00e1m drahocenn\u00fd \u010das a \u00fasil\u00ed. <\/p>\n<p>\u2b50 Hodnocen\u00ed spolehliv\u00fdch partner\u016f: D\u016fv\u011bra se buduje rychle s na\u0161\u00edm jedine\u010dn\u00fdm syst\u00e9mem hodnocen\u00ed. Okam\u017eit\u011b rozpozn\u00e1te spolehliv\u00e9 a kvalitn\u00ed partnery na prvn\u00ed pohled a zajist\u00edte si profesion\u00e1ln\u00ed a \u00fasp\u011b\u0161n\u00e9 spolupr\u00e1ce poka\u017ed\u00e9. <\/p>\n<p>A\u0165 u\u017e pl\u00e1nujete <a href=\"https:\/\/collabfinder.org\/netzwerk\/\">focen\u00ed<\/a> v zahrani\u010d\u00ed, pot\u0159ebujete video \u0161t\u00e1b na kr\u00e1tkou cestu nebo hled\u00e1te talenty ve sv\u00e9m m\u011bst\u011b \u2013 CollabFinder je v\u00e1\u0161 specializovan\u00fd n\u00e1stroj pro networking a \u00fasp\u011b\u0161n\u00e9 projekty.<\/p>\n<p>P\u0159ipojte se ke CollabFinder.org je\u0161t\u011b dnes a prom\u011b\u0148te svou kreativn\u00ed vizi ve skute\u010dnost!<\/p>\n","protected":false},"excerpt":{"rendered":"<p>CollabFinder je p\u0159edn\u00ed platforma, kter\u00e1 byla vyvinuta, aby sjednotila sv\u011bt tvorby obsahu! Propojujeme tv\u016frce, fotografy, kameramany a studia v dynamick\u00e9 komunit\u011b a umo\u017e\u0148ujeme rychl\u00e9 a snadn\u00e9 nalezen\u00ed dokonal\u00e9ho profesion\u00e1ln\u00edho partnera [&hellip;]<\/p>\n","protected":false},"author":1,"featured_media":2856,"parent":0,"menu_order":0,"comment_status":"closed","ping_status":"closed","template":"","meta":{"ngg_post_thumbnail":0,"footnotes":""},"class_list":["post-2857","page","type-page","status-publish","has-post-thumbnail","hentry","entry","has-media"],"_links":{"self":[{"href":"https:\/\/collabfinder.org\/cs\/wp-json\/wp\/v2\/pages\/2857","targetHints":{"allow":["GET"]}}],"collection":[{"href":"https:\/\/collabfinder.org\/cs\/wp-json\/wp\/v2\/pages"}],"about":[{"href":"https:\/\/collabfinder.org\/cs\/wp-json\/wp\/v2\/types\/page"}],"author":[{"embeddable":true,"href":"https:\/\/collabfinder.org\/cs\/wp-json\/wp\/v2\/users\/1"}],"replies":[{"embeddable":true,"href":"https:\/\/collabfinder.org\/cs\/wp-json\/wp\/v2\/comments?post=2857"}],"version-history":[{"count":0,"href":"https:\/\/collabfinder.org\/cs\/wp-json\/wp\/v2\/pages\/2857\/revisions"}],"wp:featuredmedia":[{"embeddable":true,"href":"https:\/\/collabfinder.org\/cs\/wp-json\/wp\/v2\/media\/2856"}],"wp:attachment":[{"href":"https:\/\/collabfinder.org\/cs\/wp-json\/wp\/v2\/media?parent=2857"}],"curies":[{"name":"wp","href":"https:\/\/api.w.org\/{rel}","templated":true}]}}