{"id":2852,"date":"2016-02-17T22:31:46","date_gmt":"2016-02-17T22:31:46","guid":{"rendered":"https:\/\/collabfinder.org\/hledas-partaky-pro-spolupraci-na-zhavych-projektech-pred-kamerou\/"},"modified":"2025-12-12T15:48:38","modified_gmt":"2025-12-12T15:48:38","slug":"hledas-partaky-pro-spolupraci-na-zhavych-projektech-pred-kamerou","status":"publish","type":"page","link":"https:\/\/collabfinder.org\/cs\/hledas-partaky-pro-spolupraci-na-zhavych-projektech-pred-kamerou\/","title":{"rendered":"Hled\u00e1\u0161 par\u0165\u00e1ky pro spolupr\u00e1ci na \u017ehav\u00fdch projektech p\u0159ed kamerou?"},"content":{"rendered":"&#13;\n<p><a href=\"https:\/\/app.collabfinder.org\" target=\"_blank\" rel=\"noopener\"><img loading=\"lazy\" decoding=\"async\" class=\"alignright wp-image-2389 size-medium\" title=\"P&#x159;ihl&#xE1;sit se na Collabfinder\" src=\"https:\/\/collabfinder.org\/wp-content\/uploads\/2025\/11\/Login-Collabfinder-300x70.jpg\" alt=\"P&#x159;ihl&#xE1;sit se na Collabfinder\" width=\"300\" height=\"70\" srcset=\"https:\/\/collabfinder.org\/wp-content\/uploads\/2025\/11\/Login-Collabfinder-300x70.jpg 300w, https:\/\/collabfinder.org\/wp-content\/uploads\/2025\/11\/Login-Collabfinder-600x139.jpg 600w, https:\/\/collabfinder.org\/wp-content\/uploads\/2025\/11\/Login-Collabfinder-768x178.jpg 768w, https:\/\/collabfinder.org\/wp-content\/uploads\/2025\/11\/Login-Collabfinder.jpg 1320w\" sizes=\"auto, (max-width: 300px) 100vw, 300px\" \/><\/a><\/p>&#13;\n<p data-start=\"336\" data-end=\"689\">Zde najde\u0161 p\u0159es <strong data-start=\"357\" data-end=\"388\">700 mezin\u00e1rodn\u00edch tv\u016frc\u016f a partner\u016f pro spolupr\u00e1ci<\/strong>, kte\u0159\u00ed maj\u00ed \u2013 stejn\u011b jako ty \u2013 chu\u0165 na kreativn\u00ed, smysln\u00e9 a erotick\u00e9 projekty. Nez\u00e1le\u017e\u00ed na tom, jestli jsi <strong data-start=\"478\" data-end=\"516\">Twink, Jock, Daddy nebo Fetish Guy<\/strong>, nebo jestli hled\u00e1\u0161 obsah pro <strong data-start=\"536\" data-end=\"580\">OnlyFans, JustForFans nebo sv\u00e9 soci\u00e1ln\u00ed s\u00edt\u011b<\/strong>: Na <a href=\"https:\/\/app.collabfinder.org\/login\/\"><em data-start=\"593\" data-end=\"611\">collabfinder.org<\/em><\/a> najde\u0161 partnery, se kter\u00fdmi se shoduje chemie, styl a v\u00e1\u0161e\u0148.  <\/p>&#13;\n<h2 data-start=\"336\" data-end=\"689\">Tv\u016fj port\u00e1l pro partnery pro spolupr\u00e1ci<\/h2>&#13;\n<p data-start=\"691\" data-end=\"1055\">Port\u00e1l byl vyvinut speci\u00e1ln\u011b pro <strong data-start=\"721\" data-end=\"756\">tv\u016frce z gay komunity<\/strong>, kte\u0159\u00ed pracuj\u00ed na <strong data-start=\"777\" data-end=\"792\">z\u00e1klad\u011b spolupr\u00e1ce<\/strong> \u2013 f\u00e9rov\u011b, transparentn\u011b a s vz\u00e1jemn\u00fdm respektem. M\u016f\u017ee\u0161 zde:<br data-start=\"868\" data-end=\"871\"\/>\ud83d\udcf8 Vytvo\u0159it si profil,<br data-start=\"894\" data-end=\"897\"\/>\ud83c\udfa5 Prezentovat sv\u00e9 dosavadn\u00ed projekty,<br data-start=\"939\" data-end=\"942\"\/>\ud83e\udd1d Kontaktovat dal\u0161\u00ed tv\u016frce a fotografy,<br data-start=\"973\" data-end=\"976\"\/>\ud83d\udd25 A spole\u010dn\u011b realizovat nov\u00e9 n\u00e1pady \u2013 ve studiu, doma nebo na cest\u00e1ch. <\/p>&#13;\n<p data-start=\"1057\" data-end=\"1254\">A\u0165 u\u017e jde o <a href=\"https:\/\/klaus-maresch.photography\" target=\"_blank\" rel=\"noopener\">smysln\u00e9 portr\u00e9ty<\/a>, vlhk\u00e9 focen\u00ed v de\u0161ti nebo intenzivn\u00ed erotick\u00e1 videa \u2013 <em data-start=\"1133\" data-end=\"1151\">collabfinder.org<\/em> t\u011b spoj\u00ed se spr\u00e1vn\u00fdmi lidmi, abys posunul svou tvorbu obsahu na dal\u0161\u00ed \u00farove\u0148. Pokud pot\u0159ebuje\u0161 obrazov\u00fd a video materi\u00e1l, nap\u0159\u00edklad k prezentaci ve fotogaleri\u00edch <\/p>&#13;\n<p data-start=\"1256\" data-end=\"1334\" data-is-last-node=\"\" data-is-only-node=\"\">\ud83d\udc49 <strong data-start=\"1259\" data-end=\"1334\" data-is-last-node=\"\">P\u0159idej se a zjisti, kdo bude tv\u016fj p\u0159\u00ed\u0161t\u00ed \u017ehav\u00fd partner pro spolupr\u00e1ci.<\/strong><\/p>&#13;\n<p>Pro kontakt s na\u0161imi tv\u016frci se mus\u00ed\u0161 zaregistrovat zde: <a href=\"https:\/\/app.collabfinder.org\/\">Collabfinder.org<\/a><\/p>&#13;\n<h3>Bildergalerien einiger Creators von Collabfinder.org<\/h3>&#13;\n\r\nngg_shortcode_0_placeholder\r\n","protected":false},"excerpt":{"rendered":"<p>&#13; &#13; Zde najde\u0161 p\u0159es 700 mezin\u00e1rodn\u00edch tv\u016frc\u016f a partner\u016f pro spolupr\u00e1ci, kte\u0159\u00ed maj\u00ed \u2013 stejn\u011b jako ty \u2013 chu\u0165 na kreativn\u00ed, smysln\u00e9 a erotick\u00e9 projekty. Nez\u00e1le\u017e\u00ed na tom, jestli [&hellip;]<\/p>\n","protected":false},"author":1,"featured_media":0,"parent":0,"menu_order":0,"comment_status":"closed","ping_status":"closed","template":"","meta":{"ngg_post_thumbnail":0,"footnotes":""},"class_list":["post-2852","page","type-page","status-publish","hentry","entry"],"_links":{"self":[{"href":"https:\/\/collabfinder.org\/cs\/wp-json\/wp\/v2\/pages\/2852","targetHints":{"allow":["GET"]}}],"collection":[{"href":"https:\/\/collabfinder.org\/cs\/wp-json\/wp\/v2\/pages"}],"about":[{"href":"https:\/\/collabfinder.org\/cs\/wp-json\/wp\/v2\/types\/page"}],"author":[{"embeddable":true,"href":"https:\/\/collabfinder.org\/cs\/wp-json\/wp\/v2\/users\/1"}],"replies":[{"embeddable":true,"href":"https:\/\/collabfinder.org\/cs\/wp-json\/wp\/v2\/comments?post=2852"}],"version-history":[{"count":0,"href":"https:\/\/collabfinder.org\/cs\/wp-json\/wp\/v2\/pages\/2852\/revisions"}],"wp:attachment":[{"href":"https:\/\/collabfinder.org\/cs\/wp-json\/wp\/v2\/media?parent=2852"}],"curies":[{"name":"wp","href":"https:\/\/api.w.org\/{rel}","templated":true}]}}